{"id":134,"date":"2021-10-14T16:52:54","date_gmt":"2021-10-14T16:52:54","guid":{"rendered":"http:\/\/www.centrumexpert.pl\/?page_id=134"},"modified":"2021-10-14T16:57:30","modified_gmt":"2021-10-14T16:57:30","slug":"partnerzy","status":"publish","type":"page","link":"https:\/\/www.centrumexpert.pl\/?page_id=134","title":{"rendered":"Partnerzy"},"content":{"rendered":"\t\t<div data-elementor-type=\"wp-page\" data-elementor-id=\"134\" class=\"elementor elementor-134\">\n\t\t\t\t\t\t<section class=\"elementor-section elementor-top-section elementor-element elementor-element-d9900c1 elementor-section-boxed elementor-section-height-default elementor-section-height-default\" data-id=\"d9900c1\" data-element_type=\"section\">\n\t\t\t\t\t\t<div class=\"elementor-container elementor-column-gap-default\">\n\t\t\t\t\t<div class=\"elementor-column elementor-col-100 elementor-top-column elementor-element elementor-element-3aa85aa\" data-id=\"3aa85aa\" data-element_type=\"column\">\n\t\t\t<div class=\"elementor-widget-wrap elementor-element-populated\">\n\t\t\t\t\t\t<div class=\"elementor-element elementor-element-e04524f elementor-widget elementor-widget-heading\" data-id=\"e04524f\" data-element_type=\"widget\" data-widget_type=\"heading.default\">\n\t\t\t\t<div class=\"elementor-widget-container\">\n\t\t\t<style>\/*! elementor - v3.19.0 - 05-02-2024 *\/\n.elementor-heading-title{padding:0;margin:0;line-height:1}.elementor-widget-heading .elementor-heading-title[class*=elementor-size-]>a{color:inherit;font-size:inherit;line-height:inherit}.elementor-widget-heading .elementor-heading-title.elementor-size-small{font-size:15px}.elementor-widget-heading .elementor-heading-title.elementor-size-medium{font-size:19px}.elementor-widget-heading .elementor-heading-title.elementor-size-large{font-size:29px}.elementor-widget-heading .elementor-heading-title.elementor-size-xl{font-size:39px}.elementor-widget-heading .elementor-heading-title.elementor-size-xxl{font-size:59px}<\/style><h1 class=\"elementor-heading-title elementor-size-large\">Wsp\u00f3\u0142pracujemy z wieloma Towarzystwami Ubezpieczeniowymi <br>z ca\u0142ej Polski i nie tylko<\/h1>\t\t<\/div>\n\t\t\t\t<\/div>\n\t\t\t\t<div class=\"elementor-element elementor-element-b822b0b elementor-arrows-position-inside elementor-pagination-position-outside elementor-widget elementor-widget-image-carousel\" data-id=\"b822b0b\" data-element_type=\"widget\" data-settings=\"{&quot;navigation&quot;:&quot;both&quot;,&quot;autoplay&quot;:&quot;yes&quot;,&quot;pause_on_hover&quot;:&quot;yes&quot;,&quot;pause_on_interaction&quot;:&quot;yes&quot;,&quot;autoplay_speed&quot;:5000,&quot;infinite&quot;:&quot;yes&quot;,&quot;speed&quot;:500}\" data-widget_type=\"image-carousel.default\">\n\t\t\t\t<div class=\"elementor-widget-container\">\n\t\t\t<style>\/*! elementor - v3.19.0 - 05-02-2024 *\/\n.elementor-widget-image-carousel .swiper,.elementor-widget-image-carousel .swiper-container{position:static}.elementor-widget-image-carousel .swiper-container .swiper-slide figure,.elementor-widget-image-carousel .swiper .swiper-slide figure{line-height:inherit}.elementor-widget-image-carousel .swiper-slide{text-align:center}.elementor-image-carousel-wrapper:not(.swiper-container-initialized):not(.swiper-initialized) .swiper-slide{max-width:calc(100% \/ var(--e-image-carousel-slides-to-show, 3))}<\/style>\t\t<div class=\"elementor-image-carousel-wrapper swiper-container\" dir=\"ltr\">\n\t\t\t<div class=\"elementor-image-carousel swiper-wrapper\" aria-live=\"off\">\n\t\t\t\t\t\t\t\t<div class=\"swiper-slide\" role=\"group\" aria-roledescription=\"slide\" aria-label=\"1 of 4\"><figure class=\"swiper-slide-inner\"><img decoding=\"async\" class=\"swiper-slide-image\" src=\"https:\/\/www.centrumexpert.pl\/wp-content\/uploads\/2021\/10\/logo-ergo-hestia.png\" alt=\"logo-ergo-hestia\" \/><\/figure><\/div><div class=\"swiper-slide\" role=\"group\" aria-roledescription=\"slide\" aria-label=\"2 of 4\"><figure class=\"swiper-slide-inner\"><img decoding=\"async\" class=\"swiper-slide-image\" src=\"https:\/\/www.centrumexpert.pl\/wp-content\/uploads\/2021\/10\/Allianz_logo.svg_.png\" alt=\"Allianz_logo.svg_\" \/><\/figure><\/div><div class=\"swiper-slide\" role=\"group\" aria-roledescription=\"slide\" aria-label=\"3 of 4\"><figure class=\"swiper-slide-inner\"><img decoding=\"async\" class=\"swiper-slide-image\" src=\"https:\/\/www.centrumexpert.pl\/wp-content\/uploads\/2021\/10\/generali-sp-1200x675-1.png\" alt=\"generali-sp-1200x675\" \/><\/figure><\/div><div class=\"swiper-slide\" role=\"group\" aria-roledescription=\"slide\" aria-label=\"4 of 4\"><figure class=\"swiper-slide-inner\"><img decoding=\"async\" class=\"swiper-slide-image\" src=\"https:\/\/www.centrumexpert.pl\/wp-content\/uploads\/2021\/10\/pzu-sp.png\" alt=\"pzu-sp\" \/><\/figure><\/div>\t\t\t<\/div>\n\t\t\t\t\t\t\t\t\t\t\t\t<div class=\"elementor-swiper-button elementor-swiper-button-prev\" role=\"button\" tabindex=\"0\">\n\t\t\t\t\t\t<i aria-hidden=\"true\" class=\"eicon-chevron-left\"><\/i>\t\t\t\t\t<\/div>\n\t\t\t\t\t<div class=\"elementor-swiper-button elementor-swiper-button-next\" role=\"button\" tabindex=\"0\">\n\t\t\t\t\t\t<i aria-hidden=\"true\" class=\"eicon-chevron-right\"><\/i>\t\t\t\t\t<\/div>\n\t\t\t\t\n\t\t\t\t\t\t\t\t\t<div class=\"swiper-pagination\"><\/div>\n\t\t\t\t\t\t\t\t\t<\/div>\n\t\t\t\t<\/div>\n\t\t\t\t<\/div>\n\t\t\t\t\t<\/div>\n\t\t<\/div>\n\t\t\t\t\t<\/div>\n\t\t<\/section>\n\t\t\t\t<\/div>\n\t\t","protected":false},"excerpt":{"rendered":"<p>Wsp\u00f3\u0142pracujemy z wieloma Towarzystwami Ubezpieczeniowymi z ca\u0142ej Polski i nie tylko Poprzednie Nast\u0119pne<\/p>\n","protected":false},"author":1,"featured_media":0,"parent":0,"menu_order":8,"comment_status":"closed","ping_status":"closed","template":"","meta":{"footnotes":""},"yoast_head":"<!-- This site is optimized with the Yoast SEO plugin v21.9.1 - https:\/\/yoast.com\/wordpress\/plugins\/seo\/ -->\n<title>Partnerzy - Expert<\/title>\n<meta name=\"robots\" content=\"index, follow, max-snippet:-1, max-image-preview:large, max-video-preview:-1\" \/>\n<link rel=\"canonical\" href=\"https:\/\/www.centrumexpert.pl\/?page_id=134\" \/>\n<meta property=\"og:locale\" content=\"en_US\" \/>\n<meta property=\"og:type\" content=\"article\" \/>\n<meta property=\"og:title\" content=\"Partnerzy - Expert\" \/>\n<meta property=\"og:description\" content=\"Wsp\u00f3\u0142pracujemy z wieloma Towarzystwami Ubezpieczeniowymi z ca\u0142ej Polski i nie tylko Poprzednie Nast\u0119pne\" \/>\n<meta property=\"og:url\" content=\"https:\/\/www.centrumexpert.pl\/?page_id=134\" \/>\n<meta property=\"og:site_name\" content=\"Expert\" \/>\n<meta property=\"article:modified_time\" content=\"2021-10-14T16:57:30+00:00\" \/>\n<meta property=\"og:image\" content=\"http:\/\/www.centrumexpert.pl\/wp-content\/uploads\/2021\/10\/logo-ergo-hestia.png\" \/>\n<meta name=\"twitter:card\" content=\"summary_large_image\" \/>\n<meta name=\"twitter:label1\" content=\"Est. reading time\" \/>\n\t<meta name=\"twitter:data1\" content=\"1 minute\" \/>\n<script type=\"application\/ld+json\" class=\"yoast-schema-graph\">{\"@context\":\"https:\/\/schema.org\",\"@graph\":[{\"@type\":\"WebPage\",\"@id\":\"https:\/\/www.centrumexpert.pl\/?page_id=134\",\"url\":\"https:\/\/www.centrumexpert.pl\/?page_id=134\",\"name\":\"Partnerzy - Expert\",\"isPartOf\":{\"@id\":\"https:\/\/www.centrumexpert.pl\/#website\"},\"datePublished\":\"2021-10-14T16:52:54+00:00\",\"dateModified\":\"2021-10-14T16:57:30+00:00\",\"breadcrumb\":{\"@id\":\"https:\/\/www.centrumexpert.pl\/?page_id=134#breadcrumb\"},\"inLanguage\":\"en-US\",\"potentialAction\":[{\"@type\":\"ReadAction\",\"target\":[\"https:\/\/www.centrumexpert.pl\/?page_id=134\"]}]},{\"@type\":\"BreadcrumbList\",\"@id\":\"https:\/\/www.centrumexpert.pl\/?page_id=134#breadcrumb\",\"itemListElement\":[{\"@type\":\"ListItem\",\"position\":1,\"name\":\"Strona g\u0142\u00f3wna\",\"item\":\"https:\/\/www.centrumexpert.pl\/\"},{\"@type\":\"ListItem\",\"position\":2,\"name\":\"Partnerzy\"}]},{\"@type\":\"WebSite\",\"@id\":\"https:\/\/www.centrumexpert.pl\/#website\",\"url\":\"https:\/\/www.centrumexpert.pl\/\",\"name\":\"Expert\",\"description\":\"Ubezpieczenia to nasza pasja\",\"potentialAction\":[{\"@type\":\"SearchAction\",\"target\":{\"@type\":\"EntryPoint\",\"urlTemplate\":\"https:\/\/www.centrumexpert.pl\/?s={search_term_string}\"},\"query-input\":\"required name=search_term_string\"}],\"inLanguage\":\"en-US\"}]}<\/script>\n<!-- \/ Yoast SEO plugin. -->","yoast_head_json":{"title":"Partnerzy - Expert","robots":{"index":"index","follow":"follow","max-snippet":"max-snippet:-1","max-image-preview":"max-image-preview:large","max-video-preview":"max-video-preview:-1"},"canonical":"https:\/\/www.centrumexpert.pl\/?page_id=134","og_locale":"en_US","og_type":"article","og_title":"Partnerzy - Expert","og_description":"Wsp\u00f3\u0142pracujemy z wieloma Towarzystwami Ubezpieczeniowymi z ca\u0142ej Polski i nie tylko Poprzednie Nast\u0119pne","og_url":"https:\/\/www.centrumexpert.pl\/?page_id=134","og_site_name":"Expert","article_modified_time":"2021-10-14T16:57:30+00:00","og_image":[{"url":"http:\/\/www.centrumexpert.pl\/wp-content\/uploads\/2021\/10\/logo-ergo-hestia.png"}],"twitter_card":"summary_large_image","twitter_misc":{"Est. reading time":"1 minute"},"schema":{"@context":"https:\/\/schema.org","@graph":[{"@type":"WebPage","@id":"https:\/\/www.centrumexpert.pl\/?page_id=134","url":"https:\/\/www.centrumexpert.pl\/?page_id=134","name":"Partnerzy - Expert","isPartOf":{"@id":"https:\/\/www.centrumexpert.pl\/#website"},"datePublished":"2021-10-14T16:52:54+00:00","dateModified":"2021-10-14T16:57:30+00:00","breadcrumb":{"@id":"https:\/\/www.centrumexpert.pl\/?page_id=134#breadcrumb"},"inLanguage":"en-US","potentialAction":[{"@type":"ReadAction","target":["https:\/\/www.centrumexpert.pl\/?page_id=134"]}]},{"@type":"BreadcrumbList","@id":"https:\/\/www.centrumexpert.pl\/?page_id=134#breadcrumb","itemListElement":[{"@type":"ListItem","position":1,"name":"Strona g\u0142\u00f3wna","item":"https:\/\/www.centrumexpert.pl\/"},{"@type":"ListItem","position":2,"name":"Partnerzy"}]},{"@type":"WebSite","@id":"https:\/\/www.centrumexpert.pl\/#website","url":"https:\/\/www.centrumexpert.pl\/","name":"Expert","description":"Ubezpieczenia to nasza pasja","potentialAction":[{"@type":"SearchAction","target":{"@type":"EntryPoint","urlTemplate":"https:\/\/www.centrumexpert.pl\/?s={search_term_string}"},"query-input":"required name=search_term_string"}],"inLanguage":"en-US"}]}},"_links":{"self":[{"href":"https:\/\/www.centrumexpert.pl\/index.php?rest_route=\/wp\/v2\/pages\/134"}],"collection":[{"href":"https:\/\/www.centrumexpert.pl\/index.php?rest_route=\/wp\/v2\/pages"}],"about":[{"href":"https:\/\/www.centrumexpert.pl\/index.php?rest_route=\/wp\/v2\/types\/page"}],"author":[{"embeddable":true,"href":"https:\/\/www.centrumexpert.pl\/index.php?rest_route=\/wp\/v2\/users\/1"}],"replies":[{"embeddable":true,"href":"https:\/\/www.centrumexpert.pl\/index.php?rest_route=%2Fwp%2Fv2%2Fcomments&post=134"}],"version-history":[{"count":5,"href":"https:\/\/www.centrumexpert.pl\/index.php?rest_route=\/wp\/v2\/pages\/134\/revisions"}],"predecessor-version":[{"id":144,"href":"https:\/\/www.centrumexpert.pl\/index.php?rest_route=\/wp\/v2\/pages\/134\/revisions\/144"}],"wp:attachment":[{"href":"https:\/\/www.centrumexpert.pl\/index.php?rest_route=%2Fwp%2Fv2%2Fmedia&parent=134"}],"curies":[{"name":"wp","href":"https:\/\/api.w.org\/{rel}","templated":true}]}}