{"id":2,"date":"2021-10-03T16:30:37","date_gmt":"2021-10-03T16:30:37","guid":{"rendered":"http:\/\/www.centrumexpert.pl\/?page_id=2"},"modified":"2021-10-14T16:22:39","modified_gmt":"2021-10-14T16:22:39","slug":"odszkodowania","status":"publish","type":"page","link":"https:\/\/www.centrumexpert.pl\/?page_id=2","title":{"rendered":"Odszkodowania"},"content":{"rendered":"\t\t<div data-elementor-type=\"wp-page\" data-elementor-id=\"2\" class=\"elementor elementor-2\">\n\t\t\t\t\t\t<section class=\"elementor-section elementor-top-section elementor-element elementor-element-6d4a475 elementor-section-boxed elementor-section-height-default elementor-section-height-default\" data-id=\"6d4a475\" data-element_type=\"section\">\n\t\t\t\t\t\t<div class=\"elementor-container elementor-column-gap-default\">\n\t\t\t\t\t<div class=\"elementor-column elementor-col-100 elementor-top-column elementor-element elementor-element-1594731\" data-id=\"1594731\" data-element_type=\"column\">\n\t\t\t<div class=\"elementor-widget-wrap elementor-element-populated\">\n\t\t\t\t\t\t<div class=\"elementor-element elementor-element-1d176f0 elementor-widget elementor-widget-text-editor\" data-id=\"1d176f0\" data-element_type=\"widget\" data-widget_type=\"text-editor.default\">\n\t\t\t\t<div class=\"elementor-widget-container\">\n\t\t\t<style>\/*! elementor - v3.19.0 - 05-02-2024 *\/\n.elementor-widget-text-editor.elementor-drop-cap-view-stacked .elementor-drop-cap{background-color:#69727d;color:#fff}.elementor-widget-text-editor.elementor-drop-cap-view-framed .elementor-drop-cap{color:#69727d;border:3px solid;background-color:transparent}.elementor-widget-text-editor:not(.elementor-drop-cap-view-default) .elementor-drop-cap{margin-top:8px}.elementor-widget-text-editor:not(.elementor-drop-cap-view-default) .elementor-drop-cap-letter{width:1em;height:1em}.elementor-widget-text-editor .elementor-drop-cap{float:left;text-align:center;line-height:1;font-size:50px}.elementor-widget-text-editor .elementor-drop-cap-letter{display:inline-block}<\/style>\t\t\t\t<center>\n<h1>Nieprzewidziane zdarzenia a co za tym idzie szkody zdarzaj\u0105 si\u0119 wsz\u0119dzie, je\u015bli zdarzenie jest obj\u0119te ochron\u0105 ubezpieczeniow\u0105\u00a0nale\u017cy si\u0119\u00a0odszkodowanie, wydawa\u0142oby si\u0119 proste, ale nie zawsze tak jest. Cz\u0119sto zdarza si\u0119, \u017ce dostajemy odmow\u0119 wyp\u0142aty lub odszkodowanie znacznie ni\u017csze ni\u017c rozmiar szkody. Zdarza si\u0119 tak z r\u00f3\u017cnych powod\u00f3w, czasem jest to z\u0142e oszacowanie rozmiar\u00f3w szkody, czasem brak wystarczaj\u0105cych informacji przekazanych do Ubezpieczyciela lub nieprawid\u0142owe zg\u0142oszenie samej szkody.<\/h1>\n<h1>Dzi\u0119ki nam mo\u017cesz uzyska\u0107 odszkodowanie adekwatne do poniesionych strat czy te\u017c uszczerbk\u00f3w na zdrowiu. Nasze do\u015bwiadczenie pokazuje, \u017ce w wielu przypadkach poszkodowanym przys\u0142uguje wy\u017csze \u015bwiadczenie ni\u017c to kt\u00f3re proponuje im Towarzystwo w pocz\u0105tkowej fazie likwidacji.<\/h1>\n<h1>Dla naszych klient\u00f3w kt\u00f3rych obs\u0142ugujemy w ramach ubezpiecze\u0144, us\u0142ugi doradztwa w zakresie likwidacji szk\u00f3d i odszkodowa\u0144 s\u0105 <b>bezp\u0142atne<\/b>.<\/h1>\n&nbsp;\t\t\t\t\t\t<\/div>\n\t\t\t\t<\/div>\n\t\t\t\t\t<\/div>\n\t\t<\/div>\n\t\t\t\t\t<\/div>\n\t\t<\/section>\n\t\t\t\t<section class=\"elementor-section elementor-top-section elementor-element elementor-element-3a65fb0 elementor-section-boxed elementor-section-height-default elementor-section-height-default\" data-id=\"3a65fb0\" data-element_type=\"section\">\n\t\t\t\t\t\t<div class=\"elementor-container elementor-column-gap-default\">\n\t\t\t\t\t<div class=\"elementor-column elementor-col-100 elementor-top-column elementor-element elementor-element-0b63b55\" data-id=\"0b63b55\" data-element_type=\"column\">\n\t\t\t<div class=\"elementor-widget-wrap elementor-element-populated\">\n\t\t\t\t\t\t<div class=\"elementor-element elementor-element-371d4d2 elementor-widget elementor-widget-spacer\" data-id=\"371d4d2\" data-element_type=\"widget\" data-widget_type=\"spacer.default\">\n\t\t\t\t<div class=\"elementor-widget-container\">\n\t\t\t<style>\/*! elementor - v3.19.0 - 05-02-2024 *\/\n.elementor-column .elementor-spacer-inner{height:var(--spacer-size)}.e-con{--container-widget-width:100%}.e-con-inner>.elementor-widget-spacer,.e-con>.elementor-widget-spacer{width:var(--container-widget-width,var(--spacer-size));--align-self:var(--container-widget-align-self,initial);--flex-shrink:0}.e-con-inner>.elementor-widget-spacer>.elementor-widget-container,.e-con>.elementor-widget-spacer>.elementor-widget-container{height:100%;width:100%}.e-con-inner>.elementor-widget-spacer>.elementor-widget-container>.elementor-spacer,.e-con>.elementor-widget-spacer>.elementor-widget-container>.elementor-spacer{height:100%}.e-con-inner>.elementor-widget-spacer>.elementor-widget-container>.elementor-spacer>.elementor-spacer-inner,.e-con>.elementor-widget-spacer>.elementor-widget-container>.elementor-spacer>.elementor-spacer-inner{height:var(--container-widget-height,var(--spacer-size))}.e-con-inner>.elementor-widget-spacer.elementor-widget-empty,.e-con>.elementor-widget-spacer.elementor-widget-empty{position:relative;min-height:22px;min-width:22px}.e-con-inner>.elementor-widget-spacer.elementor-widget-empty .elementor-widget-empty-icon,.e-con>.elementor-widget-spacer.elementor-widget-empty .elementor-widget-empty-icon{position:absolute;top:0;bottom:0;left:0;right:0;margin:auto;padding:0;width:22px;height:22px}<\/style>\t\t<div class=\"elementor-spacer\">\n\t\t\t<div class=\"elementor-spacer-inner\"><\/div>\n\t\t<\/div>\n\t\t\t\t<\/div>\n\t\t\t\t<\/div>\n\t\t\t\t<div class=\"elementor-element elementor-element-6787a2a elementor-widget elementor-widget-image\" data-id=\"6787a2a\" data-element_type=\"widget\" data-widget_type=\"image.default\">\n\t\t\t\t<div class=\"elementor-widget-container\">\n\t\t\t<style>\/*! elementor - v3.19.0 - 05-02-2024 *\/\n.elementor-widget-image{text-align:center}.elementor-widget-image a{display:inline-block}.elementor-widget-image a img[src$=\".svg\"]{width:48px}.elementor-widget-image img{vertical-align:middle;display:inline-block}<\/style>\t\t\t\t\t\t\t\t\t\t<img fetchpriority=\"high\" decoding=\"async\" width=\"768\" height=\"432\" src=\"https:\/\/www.centrumexpert.pl\/wp-content\/uploads\/2021\/10\/ubezpieczenia-768x432.jpeg\" class=\"attachment-medium_large size-medium_large wp-image-28\" alt=\"\" srcset=\"https:\/\/www.centrumexpert.pl\/wp-content\/uploads\/2021\/10\/ubezpieczenia-768x432.jpeg 768w, https:\/\/www.centrumexpert.pl\/wp-content\/uploads\/2021\/10\/ubezpieczenia-300x169.jpeg 300w, https:\/\/www.centrumexpert.pl\/wp-content\/uploads\/2021\/10\/ubezpieczenia-800x450.jpeg 800w, https:\/\/www.centrumexpert.pl\/wp-content\/uploads\/2021\/10\/ubezpieczenia.jpeg 850w\" sizes=\"(max-width: 768px) 100vw, 768px\" \/>\t\t\t\t\t\t\t\t\t\t\t\t\t<\/div>\n\t\t\t\t<\/div>\n\t\t\t\t\t<\/div>\n\t\t<\/div>\n\t\t\t\t\t<\/div>\n\t\t<\/section>\n\t\t\t\t<\/div>\n\t\t","protected":false},"excerpt":{"rendered":"<p>Nieprzewidziane zdarzenia a co za tym idzie szkody zdarzaj\u0105 si\u0119 wsz\u0119dzie, je\u015bli zdarzenie jest obj\u0119te ochron\u0105 ubezpieczeniow\u0105\u00a0nale\u017cy<\/p>\n<p><a class=\"more-link\" href=\"https:\/\/www.centrumexpert.pl\/?page_id=2\">Read More<\/a><\/p>\n","protected":false},"author":1,"featured_media":0,"parent":0,"menu_order":2,"comment_status":"closed","ping_status":"closed","template":"","meta":{"footnotes":""},"yoast_head":"<!-- This site is optimized with the Yoast SEO plugin v21.9.1 - https:\/\/yoast.com\/wordpress\/plugins\/seo\/ -->\n<title>Odszkodowania - Expert<\/title>\n<meta name=\"robots\" content=\"index, follow, max-snippet:-1, max-image-preview:large, max-video-preview:-1\" \/>\n<link rel=\"canonical\" href=\"https:\/\/www.centrumexpert.pl\/?page_id=2\" \/>\n<meta property=\"og:locale\" content=\"en_US\" \/>\n<meta property=\"og:type\" content=\"article\" \/>\n<meta property=\"og:title\" content=\"Odszkodowania - Expert\" \/>\n<meta property=\"og:description\" content=\"Nieprzewidziane zdarzenia a co za tym idzie szkody zdarzaj\u0105 si\u0119 wsz\u0119dzie, je\u015bli zdarzenie jest obj\u0119te ochron\u0105 ubezpieczeniow\u0105\u00a0nale\u017cyRead More\" \/>\n<meta property=\"og:url\" content=\"https:\/\/www.centrumexpert.pl\/?page_id=2\" \/>\n<meta property=\"og:site_name\" content=\"Expert\" \/>\n<meta property=\"article:modified_time\" content=\"2021-10-14T16:22:39+00:00\" \/>\n<meta property=\"og:image\" content=\"http:\/\/www.centrumexpert.pl\/wp-content\/uploads\/2021\/10\/ubezpieczenia-768x432.jpeg\" \/>\n<meta name=\"twitter:card\" content=\"summary_large_image\" \/>\n<meta name=\"twitter:label1\" content=\"Est. reading time\" \/>\n\t<meta name=\"twitter:data1\" content=\"1 minute\" \/>\n<script type=\"application\/ld+json\" class=\"yoast-schema-graph\">{\"@context\":\"https:\/\/schema.org\",\"@graph\":[{\"@type\":\"WebPage\",\"@id\":\"https:\/\/www.centrumexpert.pl\/?page_id=2\",\"url\":\"https:\/\/www.centrumexpert.pl\/?page_id=2\",\"name\":\"Odszkodowania - Expert\",\"isPartOf\":{\"@id\":\"https:\/\/www.centrumexpert.pl\/#website\"},\"datePublished\":\"2021-10-03T16:30:37+00:00\",\"dateModified\":\"2021-10-14T16:22:39+00:00\",\"breadcrumb\":{\"@id\":\"https:\/\/www.centrumexpert.pl\/?page_id=2#breadcrumb\"},\"inLanguage\":\"en-US\",\"potentialAction\":[{\"@type\":\"ReadAction\",\"target\":[\"https:\/\/www.centrumexpert.pl\/?page_id=2\"]}]},{\"@type\":\"BreadcrumbList\",\"@id\":\"https:\/\/www.centrumexpert.pl\/?page_id=2#breadcrumb\",\"itemListElement\":[{\"@type\":\"ListItem\",\"position\":1,\"name\":\"Strona g\u0142\u00f3wna\",\"item\":\"https:\/\/www.centrumexpert.pl\/\"},{\"@type\":\"ListItem\",\"position\":2,\"name\":\"Odszkodowania\"}]},{\"@type\":\"WebSite\",\"@id\":\"https:\/\/www.centrumexpert.pl\/#website\",\"url\":\"https:\/\/www.centrumexpert.pl\/\",\"name\":\"Expert\",\"description\":\"Ubezpieczenia to nasza pasja\",\"potentialAction\":[{\"@type\":\"SearchAction\",\"target\":{\"@type\":\"EntryPoint\",\"urlTemplate\":\"https:\/\/www.centrumexpert.pl\/?s={search_term_string}\"},\"query-input\":\"required name=search_term_string\"}],\"inLanguage\":\"en-US\"}]}<\/script>\n<!-- \/ Yoast SEO plugin. -->","yoast_head_json":{"title":"Odszkodowania - Expert","robots":{"index":"index","follow":"follow","max-snippet":"max-snippet:-1","max-image-preview":"max-image-preview:large","max-video-preview":"max-video-preview:-1"},"canonical":"https:\/\/www.centrumexpert.pl\/?page_id=2","og_locale":"en_US","og_type":"article","og_title":"Odszkodowania - Expert","og_description":"Nieprzewidziane zdarzenia a co za tym idzie szkody zdarzaj\u0105 si\u0119 wsz\u0119dzie, je\u015bli zdarzenie jest obj\u0119te ochron\u0105 ubezpieczeniow\u0105\u00a0nale\u017cyRead More","og_url":"https:\/\/www.centrumexpert.pl\/?page_id=2","og_site_name":"Expert","article_modified_time":"2021-10-14T16:22:39+00:00","og_image":[{"url":"http:\/\/www.centrumexpert.pl\/wp-content\/uploads\/2021\/10\/ubezpieczenia-768x432.jpeg"}],"twitter_card":"summary_large_image","twitter_misc":{"Est. reading time":"1 minute"},"schema":{"@context":"https:\/\/schema.org","@graph":[{"@type":"WebPage","@id":"https:\/\/www.centrumexpert.pl\/?page_id=2","url":"https:\/\/www.centrumexpert.pl\/?page_id=2","name":"Odszkodowania - Expert","isPartOf":{"@id":"https:\/\/www.centrumexpert.pl\/#website"},"datePublished":"2021-10-03T16:30:37+00:00","dateModified":"2021-10-14T16:22:39+00:00","breadcrumb":{"@id":"https:\/\/www.centrumexpert.pl\/?page_id=2#breadcrumb"},"inLanguage":"en-US","potentialAction":[{"@type":"ReadAction","target":["https:\/\/www.centrumexpert.pl\/?page_id=2"]}]},{"@type":"BreadcrumbList","@id":"https:\/\/www.centrumexpert.pl\/?page_id=2#breadcrumb","itemListElement":[{"@type":"ListItem","position":1,"name":"Strona g\u0142\u00f3wna","item":"https:\/\/www.centrumexpert.pl\/"},{"@type":"ListItem","position":2,"name":"Odszkodowania"}]},{"@type":"WebSite","@id":"https:\/\/www.centrumexpert.pl\/#website","url":"https:\/\/www.centrumexpert.pl\/","name":"Expert","description":"Ubezpieczenia to nasza pasja","potentialAction":[{"@type":"SearchAction","target":{"@type":"EntryPoint","urlTemplate":"https:\/\/www.centrumexpert.pl\/?s={search_term_string}"},"query-input":"required name=search_term_string"}],"inLanguage":"en-US"}]}},"_links":{"self":[{"href":"https:\/\/www.centrumexpert.pl\/index.php?rest_route=\/wp\/v2\/pages\/2"}],"collection":[{"href":"https:\/\/www.centrumexpert.pl\/index.php?rest_route=\/wp\/v2\/pages"}],"about":[{"href":"https:\/\/www.centrumexpert.pl\/index.php?rest_route=\/wp\/v2\/types\/page"}],"author":[{"embeddable":true,"href":"https:\/\/www.centrumexpert.pl\/index.php?rest_route=\/wp\/v2\/users\/1"}],"replies":[{"embeddable":true,"href":"https:\/\/www.centrumexpert.pl\/index.php?rest_route=%2Fwp%2Fv2%2Fcomments&post=2"}],"version-history":[{"count":7,"href":"https:\/\/www.centrumexpert.pl\/index.php?rest_route=\/wp\/v2\/pages\/2\/revisions"}],"predecessor-version":[{"id":129,"href":"https:\/\/www.centrumexpert.pl\/index.php?rest_route=\/wp\/v2\/pages\/2\/revisions\/129"}],"wp:attachment":[{"href":"https:\/\/www.centrumexpert.pl\/index.php?rest_route=%2Fwp%2Fv2%2Fmedia&parent=2"}],"curies":[{"name":"wp","href":"https:\/\/api.w.org\/{rel}","templated":true}]}}