{"id":44,"date":"2021-10-04T17:20:39","date_gmt":"2021-10-04T17:20:39","guid":{"rendered":"http:\/\/www.centrumexpert.pl\/?page_id=44"},"modified":"2021-10-14T16:49:35","modified_gmt":"2021-10-14T16:49:35","slug":"strona-glowna","status":"publish","type":"page","link":"https:\/\/www.centrumexpert.pl\/","title":{"rendered":"Strona g\u0142\u00f3wna"},"content":{"rendered":"\t\t<div data-elementor-type=\"wp-page\" data-elementor-id=\"44\" class=\"elementor elementor-44\">\n\t\t\t\t\t\t<section class=\"elementor-section elementor-top-section elementor-element elementor-element-926af3 elementor-section-boxed elementor-section-height-default elementor-section-height-default\" data-id=\"926af3\" data-element_type=\"section\">\n\t\t\t\t\t\t<div class=\"elementor-container elementor-column-gap-default\">\n\t\t\t\t\t<div class=\"elementor-column elementor-col-100 elementor-top-column elementor-element elementor-element-2b4fb180\" data-id=\"2b4fb180\" data-element_type=\"column\">\n\t\t\t<div class=\"elementor-widget-wrap elementor-element-populated\">\n\t\t\t\t\t\t<div class=\"elementor-element elementor-element-9c460cc elementor-widget elementor-widget-text-editor\" data-id=\"9c460cc\" data-element_type=\"widget\" data-widget_type=\"text-editor.default\">\n\t\t\t\t<div class=\"elementor-widget-container\">\n\t\t\t<style>\/*! elementor - v3.19.0 - 05-02-2024 *\/\n.elementor-widget-text-editor.elementor-drop-cap-view-stacked .elementor-drop-cap{background-color:#69727d;color:#fff}.elementor-widget-text-editor.elementor-drop-cap-view-framed .elementor-drop-cap{color:#69727d;border:3px solid;background-color:transparent}.elementor-widget-text-editor:not(.elementor-drop-cap-view-default) .elementor-drop-cap{margin-top:8px}.elementor-widget-text-editor:not(.elementor-drop-cap-view-default) .elementor-drop-cap-letter{width:1em;height:1em}.elementor-widget-text-editor .elementor-drop-cap{float:left;text-align:center;line-height:1;font-size:50px}.elementor-widget-text-editor .elementor-drop-cap-letter{display:inline-block}<\/style>\t\t\t\t<center>\n<h1><b>Centrum Ubezpiecze\u0144 Expert<\/b> to pr\u0119\u017cnie rozwijaj\u0105ca si\u0119 multiagencja ubezpieczeniowa. Od chwili powstania naszym g\u0142\u00f3wnym za\u0142o\u017ceniem by\u0142o stworzenie dla klient\u00f3w miejsca w kt\u00f3rym\nb\u0119d\u0105 mogli znale\u017a\u0107 najlepsze rozwi\u0105zania ubezpieczeniowe spo\u015br\u00f3d wielu propozycji na rynku.<\/h1>\n<h1>Obecna sytuacja na rynku\nubezpieczeniowym wymaga du\u017cego do\u015bwiadczenia w poruszaniu si\u0119 w g\u0105szczu ustaw ubezpieczeniowych i\nznajomo\u015bci zawi\u0142ych przepis\u00f3w, nawi\u0105zuj\u0105c wsp\u00f3\u0142prac\u0119 z nami przerzucacie te trudno\u015bci na nas.<\/h1>\n<h1>Bardzo istotnym elementem naszej wsp\u00f3\u0142pracy jest fakt, i\u017c nie wymagamy udzielenia nam\npe\u0142nomocnictwa i nie wi\u0105\u017cemy klienta z nami \u017cadn\u0105 umow\u0105, dzi\u0119ki temu pozostawiamy\nswobod\u0119 dzia\u0142ania, a Wasze zaufanie jest efektem zadowolenia ze \u015bwiadczonych przez nas us\u0142ug.<\/h1>\n<\/center>\t\t\t\t\t\t<\/div>\n\t\t\t\t<\/div>\n\t\t\t\t<div class=\"elementor-element elementor-element-2899859a elementor-widget elementor-widget-spacer\" data-id=\"2899859a\" data-element_type=\"widget\" data-widget_type=\"spacer.default\">\n\t\t\t\t<div class=\"elementor-widget-container\">\n\t\t\t<style>\/*! elementor - v3.19.0 - 05-02-2024 *\/\n.elementor-column .elementor-spacer-inner{height:var(--spacer-size)}.e-con{--container-widget-width:100%}.e-con-inner>.elementor-widget-spacer,.e-con>.elementor-widget-spacer{width:var(--container-widget-width,var(--spacer-size));--align-self:var(--container-widget-align-self,initial);--flex-shrink:0}.e-con-inner>.elementor-widget-spacer>.elementor-widget-container,.e-con>.elementor-widget-spacer>.elementor-widget-container{height:100%;width:100%}.e-con-inner>.elementor-widget-spacer>.elementor-widget-container>.elementor-spacer,.e-con>.elementor-widget-spacer>.elementor-widget-container>.elementor-spacer{height:100%}.e-con-inner>.elementor-widget-spacer>.elementor-widget-container>.elementor-spacer>.elementor-spacer-inner,.e-con>.elementor-widget-spacer>.elementor-widget-container>.elementor-spacer>.elementor-spacer-inner{height:var(--container-widget-height,var(--spacer-size))}.e-con-inner>.elementor-widget-spacer.elementor-widget-empty,.e-con>.elementor-widget-spacer.elementor-widget-empty{position:relative;min-height:22px;min-width:22px}.e-con-inner>.elementor-widget-spacer.elementor-widget-empty .elementor-widget-empty-icon,.e-con>.elementor-widget-spacer.elementor-widget-empty .elementor-widget-empty-icon{position:absolute;top:0;bottom:0;left:0;right:0;margin:auto;padding:0;width:22px;height:22px}<\/style>\t\t<div class=\"elementor-spacer\">\n\t\t\t<div class=\"elementor-spacer-inner\"><\/div>\n\t\t<\/div>\n\t\t\t\t<\/div>\n\t\t\t\t<\/div>\n\t\t\t\t<div class=\"elementor-element elementor-element-6c5bd163 elementor-position-left elementor-vertical-align-middle elementor-widget elementor-widget-image-box\" data-id=\"6c5bd163\" data-element_type=\"widget\" data-widget_type=\"image-box.default\">\n\t\t\t\t<div class=\"elementor-widget-container\">\n\t\t\t<style>\/*! elementor - v3.19.0 - 05-02-2024 *\/\n.elementor-widget-image-box .elementor-image-box-content{width:100%}@media (min-width:768px){.elementor-widget-image-box.elementor-position-left .elementor-image-box-wrapper,.elementor-widget-image-box.elementor-position-right .elementor-image-box-wrapper{display:flex}.elementor-widget-image-box.elementor-position-right .elementor-image-box-wrapper{text-align:right;flex-direction:row-reverse}.elementor-widget-image-box.elementor-position-left .elementor-image-box-wrapper{text-align:left;flex-direction:row}.elementor-widget-image-box.elementor-position-top .elementor-image-box-img{margin:auto}.elementor-widget-image-box.elementor-vertical-align-top .elementor-image-box-wrapper{align-items:flex-start}.elementor-widget-image-box.elementor-vertical-align-middle .elementor-image-box-wrapper{align-items:center}.elementor-widget-image-box.elementor-vertical-align-bottom .elementor-image-box-wrapper{align-items:flex-end}}@media (max-width:767px){.elementor-widget-image-box .elementor-image-box-img{margin-left:auto!important;margin-right:auto!important;margin-bottom:15px}}.elementor-widget-image-box .elementor-image-box-img{display:inline-block}.elementor-widget-image-box .elementor-image-box-title a{color:inherit}.elementor-widget-image-box .elementor-image-box-wrapper{text-align:center}.elementor-widget-image-box .elementor-image-box-description{margin:0}<\/style><div class=\"elementor-image-box-wrapper\"><figure class=\"elementor-image-box-img\"><a href=\"http:\/\/oskexpert.pl\/wp-content\/uploads\/2019\/08\/67371654_622070594949624_2430088746570350592_n.jpg\" tabindex=\"-1\"><img decoding=\"async\" src=\"https:\/\/www.centrumexpert.pl\/wp-content\/uploads\/elementor\/thumbs\/insurance-agent-working-on-car-accident-claim-process-scaled-pe4q4vif468h02048xcvpdp0mi9o0wqhzywgdn1p1c.jpg\" title=\"Insurance agent working on car accident claim process\" alt=\"Insurance agent working on car accident claim process\" loading=\"lazy\" \/><\/a><\/figure><div class=\"elementor-image-box-content\"><p class=\"elementor-image-box-description\">Kompleksowa pomoc w ka\u017cdej sytuacji<\/p><\/div><\/div>\t\t<\/div>\n\t\t\t\t<\/div>\n\t\t\t\t<div class=\"elementor-element elementor-element-538048d5 elementor-widget elementor-widget-text-editor\" data-id=\"538048d5\" data-element_type=\"widget\" data-widget_type=\"text-editor.default\">\n\t\t\t\t<div class=\"elementor-widget-container\">\n\t\t\t\t\t\t\t<center><h1>Posiadamy ogromne do\u015bwiadczenie w obs\u0142udze zar\u00f3wno ma\u0142ych jak i du\u017cych podmiot\u00f3w gospodarczych.<\/h1><h1><b>\nDo chwili obecnej zaufa\u0142o nam ju\u017c ponad 1000 klient\u00f3w.<\/b><\/h1><\/center>\t\t\t\t\t\t<\/div>\n\t\t\t\t<\/div>\n\t\t\t\t\t<\/div>\n\t\t<\/div>\n\t\t\t\t\t<\/div>\n\t\t<\/section>\n\t\t\t\t<section class=\"elementor-section elementor-top-section elementor-element elementor-element-56f01d42 elementor-section-boxed elementor-section-height-default elementor-section-height-default\" data-id=\"56f01d42\" data-element_type=\"section\">\n\t\t\t\t\t\t<div class=\"elementor-container elementor-column-gap-default\">\n\t\t\t\t\t<div class=\"elementor-column elementor-col-100 elementor-top-column elementor-element elementor-element-6d7b7b39\" data-id=\"6d7b7b39\" data-element_type=\"column\">\n\t\t\t<div class=\"elementor-widget-wrap elementor-element-populated\">\n\t\t\t\t\t\t<div class=\"elementor-element elementor-element-3def6453 elementor-widget elementor-widget-heading\" data-id=\"3def6453\" data-element_type=\"widget\" data-widget_type=\"heading.default\">\n\t\t\t\t<div class=\"elementor-widget-container\">\n\t\t\t<style>\/*! elementor - v3.19.0 - 05-02-2024 *\/\n.elementor-heading-title{padding:0;margin:0;line-height:1}.elementor-widget-heading .elementor-heading-title[class*=elementor-size-]>a{color:inherit;font-size:inherit;line-height:inherit}.elementor-widget-heading .elementor-heading-title.elementor-size-small{font-size:15px}.elementor-widget-heading .elementor-heading-title.elementor-size-medium{font-size:19px}.elementor-widget-heading .elementor-heading-title.elementor-size-large{font-size:29px}.elementor-widget-heading .elementor-heading-title.elementor-size-xl{font-size:39px}.elementor-widget-heading .elementor-heading-title.elementor-size-xxl{font-size:59px}<\/style><h1 class=\"elementor-heading-title elementor-size-default\"><font size=12px>Dlaczego My?<\/font><\/h1>\t\t<\/div>\n\t\t\t\t<\/div>\n\t\t\t\t\t<\/div>\n\t\t<\/div>\n\t\t\t\t\t<\/div>\n\t\t<\/section>\n\t\t\t\t<section class=\"elementor-section elementor-top-section elementor-element elementor-element-17cea4c1 elementor-section-height-min-height elementor-section-items-stretch elementor-section-content-bottom elementor-section-boxed elementor-section-height-default\" data-id=\"17cea4c1\" data-element_type=\"section\">\n\t\t\t\t\t\t<div class=\"elementor-container elementor-column-gap-wider\">\n\t\t\t\t\t<div class=\"elementor-column elementor-col-33 elementor-top-column elementor-element elementor-element-549e67b3\" data-id=\"549e67b3\" data-element_type=\"column\" data-settings=\"{&quot;background_background&quot;:&quot;classic&quot;}\">\n\t\t\t<div class=\"elementor-widget-wrap elementor-element-populated\">\n\t\t\t\t\t\t<div class=\"elementor-element elementor-element-50ac8cc7 elementor-widget elementor-widget-text-editor\" data-id=\"50ac8cc7\" data-element_type=\"widget\" data-widget_type=\"text-editor.default\">\n\t\t\t\t<div class=\"elementor-widget-container\">\n\t\t\t\t\t\t\t<center><span style=\"font-size: x-large;\"><strong>Por\u00f3wnanie ofert ubezpieczenia u wszystkich firm<\/strong><\/span><\/center>\t\t\t\t\t\t<\/div>\n\t\t\t\t<\/div>\n\t\t\t\t\t<\/div>\n\t\t<\/div>\n\t\t\t\t<div class=\"elementor-column elementor-col-33 elementor-top-column elementor-element elementor-element-654a31a5\" data-id=\"654a31a5\" data-element_type=\"column\" data-settings=\"{&quot;background_background&quot;:&quot;classic&quot;}\">\n\t\t\t<div class=\"elementor-widget-wrap elementor-element-populated\">\n\t\t\t\t\t\t<div class=\"elementor-element elementor-element-675d3709 elementor-widget elementor-widget-text-editor\" data-id=\"675d3709\" data-element_type=\"widget\" data-widget_type=\"text-editor.default\">\n\t\t\t\t<div class=\"elementor-widget-container\">\n\t\t\t\t\t\t\t<center><span style=\"font-weight: bolder; font-size: x-large;\">Ka\u017cdy klient jest informowany o ko\u0144cz\u0105cej si\u0119 polisie przynajmniej z 2 tygodniowym wyprzedzeniem.\u00a0<\/span><\/center>\t\t\t\t\t\t<\/div>\n\t\t\t\t<\/div>\n\t\t\t\t\t<\/div>\n\t\t<\/div>\n\t\t\t\t<div class=\"elementor-column elementor-col-33 elementor-top-column elementor-element elementor-element-6b8982\" data-id=\"6b8982\" data-element_type=\"column\" data-settings=\"{&quot;background_background&quot;:&quot;classic&quot;}\">\n\t\t\t<div class=\"elementor-widget-wrap elementor-element-populated\">\n\t\t\t\t\t\t<div class=\"elementor-element elementor-element-25666cfc elementor-widget elementor-widget-text-editor\" data-id=\"25666cfc\" data-element_type=\"widget\" data-widget_type=\"text-editor.default\">\n\t\t\t\t<div class=\"elementor-widget-container\">\n\t\t\t\t\t\t\t<p><\/p>\n<p><\/p><center><span style=\"font-weight: bolder; font-size: x-large;\">Darmowe mierzenie grubo\u015bci lakieru do ka\u017cdego ubezpieczenia na samoch\u00f3d<\/span><\/center><p><\/p>\t\t\t\t\t\t<\/div>\n\t\t\t\t<\/div>\n\t\t\t\t\t<\/div>\n\t\t<\/div>\n\t\t\t\t\t<\/div>\n\t\t<\/section>\n\t\t\t\t<section class=\"elementor-section elementor-top-section elementor-element elementor-element-34f4039 elementor-section-boxed elementor-section-height-default elementor-section-height-default\" data-id=\"34f4039\" data-element_type=\"section\">\n\t\t\t\t\t\t<div class=\"elementor-container elementor-column-gap-default\">\n\t\t\t\t\t<div class=\"elementor-column elementor-col-100 elementor-top-column elementor-element elementor-element-267494a\" data-id=\"267494a\" data-element_type=\"column\">\n\t\t\t<div class=\"elementor-widget-wrap elementor-element-populated\">\n\t\t\t\t\t\t<div class=\"elementor-element elementor-element-0e8f10e elementor-widget elementor-widget-spacer\" data-id=\"0e8f10e\" data-element_type=\"widget\" data-widget_type=\"spacer.default\">\n\t\t\t\t<div class=\"elementor-widget-container\">\n\t\t\t\t\t<div class=\"elementor-spacer\">\n\t\t\t<div class=\"elementor-spacer-inner\"><\/div>\n\t\t<\/div>\n\t\t\t\t<\/div>\n\t\t\t\t<\/div>\n\t\t\t\t<div class=\"elementor-element elementor-element-5e634c9 elementor-widget elementor-widget-text-editor\" data-id=\"5e634c9\" data-element_type=\"widget\" data-widget_type=\"text-editor.default\">\n\t\t\t\t<div class=\"elementor-widget-container\">\n\t\t\t\t\t\t\t<center>\n<h1>W pocz\u0105tkowym etapie wsp\u00f3\u0142pracy w pierwszej kolejno\u015bci przeprowadzamy analiz\u0119 posiadanej ochrony ubezpieczeniowej, oraz zagro\u017ce\u0144 jakie mog\u0105 wyst\u0105pi\u0107.<\/h1> <h1>Nast\u0119pnie przygotowujemy program ubezpieczeniowy najbardziej dopasowany do Waszych potrzeb. Na tej podstawie przedstawiamy oferty wybrane po\u015br\u00f3d najlepszych Towarzystw Ubezpieczeniowych na rynku.<\/h1> <h1>W ramach przygotowanych ofert dokonujemy rzetelnego opisu tak aby w pe\u0142ni poinformowa\u0107 Was o warunkach na jakich towarzystwo proponuje zawarcie um\u00f3w.<\/h1>\n<\/center>\t\t\t\t\t\t<\/div>\n\t\t\t\t<\/div>\n\t\t\t\t\t<\/div>\n\t\t<\/div>\n\t\t\t\t\t<\/div>\n\t\t<\/section>\n\t\t\t\t<section class=\"elementor-section elementor-top-section elementor-element elementor-element-630c605 elementor-section-boxed elementor-section-height-default elementor-section-height-default\" data-id=\"630c605\" data-element_type=\"section\">\n\t\t\t\t\t\t<div class=\"elementor-container elementor-column-gap-default\">\n\t\t\t\t\t<div class=\"elementor-column elementor-col-100 elementor-top-column elementor-element elementor-element-99012da\" data-id=\"99012da\" data-element_type=\"column\">\n\t\t\t<div class=\"elementor-widget-wrap elementor-element-populated\">\n\t\t\t\t\t\t<div class=\"elementor-element elementor-element-3d9d28b elementor-widget elementor-widget-image\" data-id=\"3d9d28b\" data-element_type=\"widget\" data-widget_type=\"image.default\">\n\t\t\t\t<div class=\"elementor-widget-container\">\n\t\t\t<style>\/*! elementor - v3.19.0 - 05-02-2024 *\/\n.elementor-widget-image{text-align:center}.elementor-widget-image a{display:inline-block}.elementor-widget-image a img[src$=\".svg\"]{width:48px}.elementor-widget-image img{vertical-align:middle;display:inline-block}<\/style>\t\t\t\t\t\t\t\t\t\t<img fetchpriority=\"high\" decoding=\"async\" width=\"768\" height=\"240\" src=\"https:\/\/www.centrumexpert.pl\/wp-content\/uploads\/2021\/10\/baner_ubezpieczenia2-768x240.jpg\" class=\"attachment-medium_large size-medium_large wp-image-26\" alt=\"\" srcset=\"https:\/\/www.centrumexpert.pl\/wp-content\/uploads\/2021\/10\/baner_ubezpieczenia2-768x240.jpg 768w, https:\/\/www.centrumexpert.pl\/wp-content\/uploads\/2021\/10\/baner_ubezpieczenia2-300x94.jpg 300w, https:\/\/www.centrumexpert.pl\/wp-content\/uploads\/2021\/10\/baner_ubezpieczenia2-1024x320.jpg 1024w, https:\/\/www.centrumexpert.pl\/wp-content\/uploads\/2021\/10\/baner_ubezpieczenia2-800x250.jpg 800w, https:\/\/www.centrumexpert.pl\/wp-content\/uploads\/2021\/10\/baner_ubezpieczenia2.jpg 1100w\" sizes=\"(max-width: 768px) 100vw, 768px\" \/>\t\t\t\t\t\t\t\t\t\t\t\t\t<\/div>\n\t\t\t\t<\/div>\n\t\t\t\t<div class=\"elementor-element elementor-element-58b221f elementor-widget elementor-widget-spacer\" data-id=\"58b221f\" data-element_type=\"widget\" data-widget_type=\"spacer.default\">\n\t\t\t\t<div class=\"elementor-widget-container\">\n\t\t\t\t\t<div class=\"elementor-spacer\">\n\t\t\t<div class=\"elementor-spacer-inner\"><\/div>\n\t\t<\/div>\n\t\t\t\t<\/div>\n\t\t\t\t<\/div>\n\t\t\t\t<div class=\"elementor-element elementor-element-3d153d8 elementor-widget elementor-widget-text-editor\" data-id=\"3d153d8\" data-element_type=\"widget\" data-widget_type=\"text-editor.default\">\n\t\t\t\t<div class=\"elementor-widget-container\">\n\t\t\t\t\t\t\t<center><h1>Jako Multiagencja jeste\u015bmy ubezpieczeni od Odpowiedzialno\u015bci Cywilnej na kwot\u0119 1 500 000 Euro.<\/h1><\/center>\t\t\t\t\t\t<\/div>\n\t\t\t\t<\/div>\n\t\t\t\t\t<\/div>\n\t\t<\/div>\n\t\t\t\t\t<\/div>\n\t\t<\/section>\n\t\t\t\t<\/div>\n\t\t","protected":false},"excerpt":{"rendered":"<p>Centrum Ubezpiecze\u0144 Expert to pr\u0119\u017cnie rozwijaj\u0105ca si\u0119 multiagencja ubezpieczeniowa. Od chwili powstania naszym g\u0142\u00f3wnym za\u0142o\u017ceniem by\u0142o stworzenie<\/p>\n<p><a class=\"more-link\" href=\"https:\/\/www.centrumexpert.pl\/\">Read More<\/a><\/p>\n","protected":false},"author":1,"featured_media":0,"parent":0,"menu_order":1,"comment_status":"closed","ping_status":"closed","template":"","meta":{"footnotes":""},"yoast_head":"<!-- This site is optimized with the Yoast SEO plugin v21.9.1 - https:\/\/yoast.com\/wordpress\/plugins\/seo\/ -->\n<title>Strona g\u0142\u00f3wna - Expert<\/title>\n<meta name=\"description\" content=\"Ubezpieczenia samochodowe, na \u017cycie, NNW, itp.\" \/>\n<meta name=\"robots\" content=\"index, follow, max-snippet:-1, max-image-preview:large, max-video-preview:-1\" \/>\n<link rel=\"canonical\" href=\"https:\/\/www.centrumexpert.pl\/\" \/>\n<meta property=\"og:locale\" content=\"en_US\" \/>\n<meta property=\"og:type\" content=\"article\" \/>\n<meta property=\"og:title\" content=\"Strona g\u0142\u00f3wna - Expert\" \/>\n<meta property=\"og:description\" content=\"Ubezpieczenia samochodowe, na \u017cycie, NNW, itp.\" \/>\n<meta property=\"og:url\" content=\"https:\/\/www.centrumexpert.pl\/\" \/>\n<meta property=\"og:site_name\" content=\"Expert\" \/>\n<meta property=\"article:modified_time\" content=\"2021-10-14T16:49:35+00:00\" \/>\n<meta property=\"og:image\" content=\"http:\/\/www.centrumexpert.pl\/wp-content\/uploads\/elementor\/thumbs\/insurance-agent-working-on-car-accident-claim-process-scaled-pe4q4vif468h02048xcvpdp0mi9o0wqhzywgdn1p1c.jpg\" \/>\n<meta name=\"twitter:card\" content=\"summary_large_image\" \/>\n<meta name=\"twitter:label1\" content=\"Est. reading time\" \/>\n\t<meta name=\"twitter:data1\" content=\"2 minutes\" \/>\n<script type=\"application\/ld+json\" class=\"yoast-schema-graph\">{\"@context\":\"https:\/\/schema.org\",\"@graph\":[{\"@type\":\"WebPage\",\"@id\":\"https:\/\/www.centrumexpert.pl\/\",\"url\":\"https:\/\/www.centrumexpert.pl\/\",\"name\":\"Strona g\u0142\u00f3wna - Expert\",\"isPartOf\":{\"@id\":\"https:\/\/www.centrumexpert.pl\/#website\"},\"datePublished\":\"2021-10-04T17:20:39+00:00\",\"dateModified\":\"2021-10-14T16:49:35+00:00\",\"description\":\"Ubezpieczenia samochodowe, na \u017cycie, NNW, itp.\",\"breadcrumb\":{\"@id\":\"https:\/\/www.centrumexpert.pl\/#breadcrumb\"},\"inLanguage\":\"en-US\",\"potentialAction\":[{\"@type\":\"ReadAction\",\"target\":[\"https:\/\/www.centrumexpert.pl\/\"]}]},{\"@type\":\"BreadcrumbList\",\"@id\":\"https:\/\/www.centrumexpert.pl\/#breadcrumb\",\"itemListElement\":[{\"@type\":\"ListItem\",\"position\":1,\"name\":\"Strona g\u0142\u00f3wna\",\"item\":\"https:\/\/www.centrumexpert.pl\/\"},{\"@type\":\"ListItem\",\"position\":2,\"name\":\"Strona g\u0142\u00f3wna\"}]},{\"@type\":\"WebSite\",\"@id\":\"https:\/\/www.centrumexpert.pl\/#website\",\"url\":\"https:\/\/www.centrumexpert.pl\/\",\"name\":\"Expert\",\"description\":\"Ubezpieczenia to nasza pasja\",\"potentialAction\":[{\"@type\":\"SearchAction\",\"target\":{\"@type\":\"EntryPoint\",\"urlTemplate\":\"https:\/\/www.centrumexpert.pl\/?s={search_term_string}\"},\"query-input\":\"required name=search_term_string\"}],\"inLanguage\":\"en-US\"}]}<\/script>\n<!-- \/ Yoast SEO plugin. -->","yoast_head_json":{"title":"Strona g\u0142\u00f3wna - Expert","description":"Ubezpieczenia samochodowe, na \u017cycie, NNW, itp.","robots":{"index":"index","follow":"follow","max-snippet":"max-snippet:-1","max-image-preview":"max-image-preview:large","max-video-preview":"max-video-preview:-1"},"canonical":"https:\/\/www.centrumexpert.pl\/","og_locale":"en_US","og_type":"article","og_title":"Strona g\u0142\u00f3wna - Expert","og_description":"Ubezpieczenia samochodowe, na \u017cycie, NNW, itp.","og_url":"https:\/\/www.centrumexpert.pl\/","og_site_name":"Expert","article_modified_time":"2021-10-14T16:49:35+00:00","og_image":[{"url":"http:\/\/www.centrumexpert.pl\/wp-content\/uploads\/elementor\/thumbs\/insurance-agent-working-on-car-accident-claim-process-scaled-pe4q4vif468h02048xcvpdp0mi9o0wqhzywgdn1p1c.jpg"}],"twitter_card":"summary_large_image","twitter_misc":{"Est. reading time":"2 minutes"},"schema":{"@context":"https:\/\/schema.org","@graph":[{"@type":"WebPage","@id":"https:\/\/www.centrumexpert.pl\/","url":"https:\/\/www.centrumexpert.pl\/","name":"Strona g\u0142\u00f3wna - Expert","isPartOf":{"@id":"https:\/\/www.centrumexpert.pl\/#website"},"datePublished":"2021-10-04T17:20:39+00:00","dateModified":"2021-10-14T16:49:35+00:00","description":"Ubezpieczenia samochodowe, na \u017cycie, NNW, itp.","breadcrumb":{"@id":"https:\/\/www.centrumexpert.pl\/#breadcrumb"},"inLanguage":"en-US","potentialAction":[{"@type":"ReadAction","target":["https:\/\/www.centrumexpert.pl\/"]}]},{"@type":"BreadcrumbList","@id":"https:\/\/www.centrumexpert.pl\/#breadcrumb","itemListElement":[{"@type":"ListItem","position":1,"name":"Strona g\u0142\u00f3wna","item":"https:\/\/www.centrumexpert.pl\/"},{"@type":"ListItem","position":2,"name":"Strona g\u0142\u00f3wna"}]},{"@type":"WebSite","@id":"https:\/\/www.centrumexpert.pl\/#website","url":"https:\/\/www.centrumexpert.pl\/","name":"Expert","description":"Ubezpieczenia to nasza pasja","potentialAction":[{"@type":"SearchAction","target":{"@type":"EntryPoint","urlTemplate":"https:\/\/www.centrumexpert.pl\/?s={search_term_string}"},"query-input":"required name=search_term_string"}],"inLanguage":"en-US"}]}},"_links":{"self":[{"href":"https:\/\/www.centrumexpert.pl\/index.php?rest_route=\/wp\/v2\/pages\/44"}],"collection":[{"href":"https:\/\/www.centrumexpert.pl\/index.php?rest_route=\/wp\/v2\/pages"}],"about":[{"href":"https:\/\/www.centrumexpert.pl\/index.php?rest_route=\/wp\/v2\/types\/page"}],"author":[{"embeddable":true,"href":"https:\/\/www.centrumexpert.pl\/index.php?rest_route=\/wp\/v2\/users\/1"}],"replies":[{"embeddable":true,"href":"https:\/\/www.centrumexpert.pl\/index.php?rest_route=%2Fwp%2Fv2%2Fcomments&post=44"}],"version-history":[{"count":21,"href":"https:\/\/www.centrumexpert.pl\/index.php?rest_route=\/wp\/v2\/pages\/44\/revisions"}],"predecessor-version":[{"id":133,"href":"https:\/\/www.centrumexpert.pl\/index.php?rest_route=\/wp\/v2\/pages\/44\/revisions\/133"}],"wp:attachment":[{"href":"https:\/\/www.centrumexpert.pl\/index.php?rest_route=%2Fwp%2Fv2%2Fmedia&parent=44"}],"curies":[{"name":"wp","href":"https:\/\/api.w.org\/{rel}","templated":true}]}}