{"id":83,"date":"2021-10-04T18:07:19","date_gmt":"2021-10-04T18:07:19","guid":{"rendered":"http:\/\/www.centrumexpert.pl\/?page_id=83"},"modified":"2022-02-16T21:59:41","modified_gmt":"2022-02-16T21:59:41","slug":"elementor-83","status":"publish","type":"page","link":"https:\/\/www.centrumexpert.pl\/?page_id=83","title":{"rendered":"Oferta"},"content":{"rendered":"\t\t<div data-elementor-type=\"wp-page\" data-elementor-id=\"83\" class=\"elementor elementor-83\">\n\t\t\t\t\t\t<section class=\"elementor-section elementor-top-section elementor-element elementor-element-399cf4ea elementor-section-boxed elementor-section-height-default elementor-section-height-default\" data-id=\"399cf4ea\" data-element_type=\"section\">\n\t\t\t\t\t\t<div class=\"elementor-container elementor-column-gap-default\">\n\t\t\t\t\t<div class=\"elementor-column elementor-col-50 elementor-top-column elementor-element elementor-element-3befc1ad\" data-id=\"3befc1ad\" data-element_type=\"column\">\n\t\t\t<div class=\"elementor-widget-wrap elementor-element-populated\">\n\t\t\t\t\t\t<div class=\"elementor-element elementor-element-1eec8b0e elementor-widget elementor-widget-text-editor\" data-id=\"1eec8b0e\" data-element_type=\"widget\" data-widget_type=\"text-editor.default\">\n\t\t\t\t<div class=\"elementor-widget-container\">\n\t\t\t<style>\/*! elementor - v3.19.0 - 05-02-2024 *\/\n.elementor-widget-text-editor.elementor-drop-cap-view-stacked .elementor-drop-cap{background-color:#69727d;color:#fff}.elementor-widget-text-editor.elementor-drop-cap-view-framed .elementor-drop-cap{color:#69727d;border:3px solid;background-color:transparent}.elementor-widget-text-editor:not(.elementor-drop-cap-view-default) .elementor-drop-cap{margin-top:8px}.elementor-widget-text-editor:not(.elementor-drop-cap-view-default) .elementor-drop-cap-letter{width:1em;height:1em}.elementor-widget-text-editor .elementor-drop-cap{float:left;text-align:center;line-height:1;font-size:50px}.elementor-widget-text-editor .elementor-drop-cap-letter{display:inline-block}<\/style>\t\t\t\t<h1>Zajmujemy si\u0119 wszelkimi rodzajami ubezpiecze\u0144 dost\u0119pnych na rynku. Ze wzgl\u0119du\n\nna odbiorc\u00f3w mo\u017cemy je podzieli\u0107 na oferowane klientom indywidualnym oraz\ninstytucjonalnym (firmowym).<\/h1>\n<h1>Klientom indywidualnym polecamy ubezpieczenia:<\/h1>\n<ul>\n \t<li>\n<h1>komunikacyjne OC, AC, NW, ASSISTANCE, Ochrony Prawnej<\/h1>\n<\/li>\n \t<li>\n<h1>mieszka\u0144 i dom\u00f3w<\/h1>\n<\/li>\n \t<li>\n<h1>indywidualne zdrowotne<\/h1>\n<\/li>\n \t<li>\n<h1>na \u017cycie<\/h1>\n<\/li>\n\n<\/ul>\n<h1>Klienci firmowi mog\u0105 na nas liczy\u0107 przy pomocy w wyborze ubezpiecze\u0144:<\/h1>\n<ul>\n \t<li>\n<h1>odpowiedzialno\u015bci Cywilnej z tytu\u0142u prowadzenia dzia\u0142alno\u015bci<\/h1>\n<\/li>\n \t<li>\n<h1>mienia od wszystkich zdarze\u0144<\/h1>\n<\/li>\n\n<li>\n<h1>transportowych<\/h1>\n<\/li>\n\n<li>\n<h1>komunikacyjnych<\/h1>\n<\/li>\n\n<li>\n<h1>gwarancji ubezpieczeniowych<\/h1>\n<\/li>\n\n<li>\n<h1>grupowych pracowniczych na \u017cycie<\/h1>\n<\/li>\n\n<li>\n<h1>zdrowotnych<\/h1>\n<\/li>\n<\/ul>\n\t\t\t\t\t\t<\/div>\n\t\t\t\t<\/div>\n\t\t\t\t\t<\/div>\n\t\t<\/div>\n\t\t\t\t<div class=\"elementor-column elementor-col-50 elementor-top-column elementor-element elementor-element-7409d6c2\" data-id=\"7409d6c2\" data-element_type=\"column\">\n\t\t\t<div class=\"elementor-widget-wrap elementor-element-populated\">\n\t\t\t\t\t\t<div class=\"elementor-element elementor-element-213e019c elementor-widget elementor-widget-image\" data-id=\"213e019c\" data-element_type=\"widget\" data-widget_type=\"image.default\">\n\t\t\t\t<div class=\"elementor-widget-container\">\n\t\t\t<style>\/*! elementor - v3.19.0 - 05-02-2024 *\/\n.elementor-widget-image{text-align:center}.elementor-widget-image a{display:inline-block}.elementor-widget-image a img[src$=\".svg\"]{width:48px}.elementor-widget-image img{vertical-align:middle;display:inline-block}<\/style>\t\t\t\t\t\t\t\t\t\t<img fetchpriority=\"high\" decoding=\"async\" width=\"1024\" height=\"683\" src=\"https:\/\/www.centrumexpert.pl\/wp-content\/uploads\/2021\/10\/happy-young-and-mature-customers-meeting-with-agent-and-giving-signed-insurance-agreement-to-her-1024x683.jpg\" class=\"attachment-large size-large wp-image-100\" alt=\"\" srcset=\"https:\/\/www.centrumexpert.pl\/wp-content\/uploads\/2021\/10\/happy-young-and-mature-customers-meeting-with-agent-and-giving-signed-insurance-agreement-to-her-1024x683.jpg 1024w, https:\/\/www.centrumexpert.pl\/wp-content\/uploads\/2021\/10\/happy-young-and-mature-customers-meeting-with-agent-and-giving-signed-insurance-agreement-to-her-300x200.jpg 300w, https:\/\/www.centrumexpert.pl\/wp-content\/uploads\/2021\/10\/happy-young-and-mature-customers-meeting-with-agent-and-giving-signed-insurance-agreement-to-her-768x512.jpg 768w, https:\/\/www.centrumexpert.pl\/wp-content\/uploads\/2021\/10\/happy-young-and-mature-customers-meeting-with-agent-and-giving-signed-insurance-agreement-to-her-1536x1024.jpg 1536w, https:\/\/www.centrumexpert.pl\/wp-content\/uploads\/2021\/10\/happy-young-and-mature-customers-meeting-with-agent-and-giving-signed-insurance-agreement-to-her-2048x1365.jpg 2048w, https:\/\/www.centrumexpert.pl\/wp-content\/uploads\/2021\/10\/happy-young-and-mature-customers-meeting-with-agent-and-giving-signed-insurance-agreement-to-her-800x533.jpg 800w\" sizes=\"(max-width: 1024px) 100vw, 1024px\" \/>\t\t\t\t\t\t\t\t\t\t\t\t\t<\/div>\n\t\t\t\t<\/div>\n\t\t\t\t\t<\/div>\n\t\t<\/div>\n\t\t\t\t\t<\/div>\n\t\t<\/section>\n\t\t\t\t<section class=\"elementor-section elementor-top-section elementor-element elementor-element-36574bcf elementor-section-content-middle elementor-section-boxed elementor-section-height-default elementor-section-height-default\" data-id=\"36574bcf\" data-element_type=\"section\">\n\t\t\t\t\t\t<div class=\"elementor-container elementor-column-gap-default\">\n\t\t\t\t\t<div class=\"elementor-column elementor-col-100 elementor-top-column elementor-element elementor-element-1bbf479e\" data-id=\"1bbf479e\" data-element_type=\"column\">\n\t\t\t<div class=\"elementor-widget-wrap elementor-element-populated\">\n\t\t\t\t\t\t<div class=\"elementor-element elementor-element-6c60f54f elementor-widget-divider--view-line elementor-widget elementor-widget-divider\" data-id=\"6c60f54f\" data-element_type=\"widget\" data-widget_type=\"divider.default\">\n\t\t\t\t<div class=\"elementor-widget-container\">\n\t\t\t<style>\/*! elementor - v3.19.0 - 05-02-2024 *\/\n.elementor-widget-divider{--divider-border-style:none;--divider-border-width:1px;--divider-color:#0c0d0e;--divider-icon-size:20px;--divider-element-spacing:10px;--divider-pattern-height:24px;--divider-pattern-size:20px;--divider-pattern-url:none;--divider-pattern-repeat:repeat-x}.elementor-widget-divider .elementor-divider{display:flex}.elementor-widget-divider .elementor-divider__text{font-size:15px;line-height:1;max-width:95%}.elementor-widget-divider .elementor-divider__element{margin:0 var(--divider-element-spacing);flex-shrink:0}.elementor-widget-divider .elementor-icon{font-size:var(--divider-icon-size)}.elementor-widget-divider .elementor-divider-separator{display:flex;margin:0;direction:ltr}.elementor-widget-divider--view-line_icon .elementor-divider-separator,.elementor-widget-divider--view-line_text .elementor-divider-separator{align-items:center}.elementor-widget-divider--view-line_icon .elementor-divider-separator:after,.elementor-widget-divider--view-line_icon .elementor-divider-separator:before,.elementor-widget-divider--view-line_text .elementor-divider-separator:after,.elementor-widget-divider--view-line_text .elementor-divider-separator:before{display:block;content:\"\";border-block-end:0;flex-grow:1;border-block-start:var(--divider-border-width) var(--divider-border-style) var(--divider-color)}.elementor-widget-divider--element-align-left .elementor-divider .elementor-divider-separator>.elementor-divider__svg:first-of-type{flex-grow:0;flex-shrink:100}.elementor-widget-divider--element-align-left .elementor-divider-separator:before{content:none}.elementor-widget-divider--element-align-left .elementor-divider__element{margin-left:0}.elementor-widget-divider--element-align-right .elementor-divider .elementor-divider-separator>.elementor-divider__svg:last-of-type{flex-grow:0;flex-shrink:100}.elementor-widget-divider--element-align-right .elementor-divider-separator:after{content:none}.elementor-widget-divider--element-align-right .elementor-divider__element{margin-right:0}.elementor-widget-divider--element-align-start .elementor-divider .elementor-divider-separator>.elementor-divider__svg:first-of-type{flex-grow:0;flex-shrink:100}.elementor-widget-divider--element-align-start .elementor-divider-separator:before{content:none}.elementor-widget-divider--element-align-start .elementor-divider__element{margin-inline-start:0}.elementor-widget-divider--element-align-end .elementor-divider .elementor-divider-separator>.elementor-divider__svg:last-of-type{flex-grow:0;flex-shrink:100}.elementor-widget-divider--element-align-end .elementor-divider-separator:after{content:none}.elementor-widget-divider--element-align-end .elementor-divider__element{margin-inline-end:0}.elementor-widget-divider:not(.elementor-widget-divider--view-line_text):not(.elementor-widget-divider--view-line_icon) .elementor-divider-separator{border-block-start:var(--divider-border-width) var(--divider-border-style) var(--divider-color)}.elementor-widget-divider--separator-type-pattern{--divider-border-style:none}.elementor-widget-divider--separator-type-pattern.elementor-widget-divider--view-line .elementor-divider-separator,.elementor-widget-divider--separator-type-pattern:not(.elementor-widget-divider--view-line) .elementor-divider-separator:after,.elementor-widget-divider--separator-type-pattern:not(.elementor-widget-divider--view-line) .elementor-divider-separator:before,.elementor-widget-divider--separator-type-pattern:not([class*=elementor-widget-divider--view]) .elementor-divider-separator{width:100%;min-height:var(--divider-pattern-height);-webkit-mask-size:var(--divider-pattern-size) 100%;mask-size:var(--divider-pattern-size) 100%;-webkit-mask-repeat:var(--divider-pattern-repeat);mask-repeat:var(--divider-pattern-repeat);background-color:var(--divider-color);-webkit-mask-image:var(--divider-pattern-url);mask-image:var(--divider-pattern-url)}.elementor-widget-divider--no-spacing{--divider-pattern-size:auto}.elementor-widget-divider--bg-round{--divider-pattern-repeat:round}.rtl .elementor-widget-divider .elementor-divider__text{direction:rtl}.e-con-inner>.elementor-widget-divider,.e-con>.elementor-widget-divider{width:var(--container-widget-width,100%);--flex-grow:var(--container-widget-flex-grow)}<\/style>\t\t<div class=\"elementor-divider\">\n\t\t\t<span class=\"elementor-divider-separator\">\n\t\t\t\t\t\t<\/span>\n\t\t<\/div>\n\t\t\t\t<\/div>\n\t\t\t\t<\/div>\n\t\t\t\t\t<\/div>\n\t\t<\/div>\n\t\t\t\t\t<\/div>\n\t\t<\/section>\n\t\t\t\t<section class=\"elementor-section elementor-top-section elementor-element elementor-element-66cdd85d elementor-section-content-middle elementor-section-boxed elementor-section-height-default elementor-section-height-default\" data-id=\"66cdd85d\" data-element_type=\"section\">\n\t\t\t\t\t\t<div class=\"elementor-container elementor-column-gap-default\">\n\t\t\t\t\t<div class=\"elementor-column elementor-col-50 elementor-top-column elementor-element elementor-element-37403258\" data-id=\"37403258\" data-element_type=\"column\">\n\t\t\t<div class=\"elementor-widget-wrap elementor-element-populated\">\n\t\t\t\t\t\t<div class=\"elementor-element elementor-element-785a050b elementor-widget elementor-widget-text-editor\" data-id=\"785a050b\" data-element_type=\"widget\" data-widget_type=\"text-editor.default\">\n\t\t\t\t<div class=\"elementor-widget-container\">\n\t\t\t\t\t\t\t<h1><strong>Szukasz najlepszej oferty leasingowej?<\/strong><\/h1><h1>Za naszym po\u015brednictwem por\u00f3wnasz oferty wszystkich firm, a my pomo\u017cemy wybra\u0107 najbardziej dopasowan\u0105 do Twoich potrzeb. Skontaktuj si\u0119 z nami i przekonaj si\u0119 sam.<\/h1>\t\t\t\t\t\t<\/div>\n\t\t\t\t<\/div>\n\t\t\t\t\t<\/div>\n\t\t<\/div>\n\t\t\t\t<div class=\"elementor-column elementor-col-50 elementor-top-column elementor-element elementor-element-724d5ed0\" data-id=\"724d5ed0\" data-element_type=\"column\">\n\t\t\t<div class=\"elementor-widget-wrap elementor-element-populated\">\n\t\t\t\t\t\t<div class=\"elementor-element elementor-element-19474bf7 elementor-widget elementor-widget-image\" data-id=\"19474bf7\" data-element_type=\"widget\" data-widget_type=\"image.default\">\n\t\t\t\t<div class=\"elementor-widget-container\">\n\t\t\t\t\t\t\t\t\t\t\t\t\t<img decoding=\"async\" width=\"540\" height=\"540\" src=\"https:\/\/www.centrumexpert.pl\/wp-content\/uploads\/2021\/10\/10411342_621031621342250_5651248346411936313_n.jpg\" class=\"attachment-large size-large wp-image-109\" alt=\"\" srcset=\"https:\/\/www.centrumexpert.pl\/wp-content\/uploads\/2021\/10\/10411342_621031621342250_5651248346411936313_n.jpg 540w, https:\/\/www.centrumexpert.pl\/wp-content\/uploads\/2021\/10\/10411342_621031621342250_5651248346411936313_n-300x300.jpg 300w, https:\/\/www.centrumexpert.pl\/wp-content\/uploads\/2021\/10\/10411342_621031621342250_5651248346411936313_n-150x150.jpg 150w\" sizes=\"(max-width: 540px) 100vw, 540px\" \/>\t\t\t\t\t\t\t\t\t\t\t\t\t<\/div>\n\t\t\t\t<\/div>\n\t\t\t\t\t<\/div>\n\t\t<\/div>\n\t\t\t\t\t<\/div>\n\t\t<\/section>\n\t\t\t\t<\/div>\n\t\t","protected":false},"excerpt":{"rendered":"<p>Zajmujemy si\u0119 wszelkimi rodzajami ubezpiecze\u0144 dost\u0119pnych na rynku. Ze wzgl\u0119du na odbiorc\u00f3w mo\u017cemy je podzieli\u0107 na oferowane<\/p>\n<p><a class=\"more-link\" href=\"https:\/\/www.centrumexpert.pl\/?page_id=83\">Read More<\/a><\/p>\n","protected":false},"author":1,"featured_media":0,"parent":0,"menu_order":0,"comment_status":"closed","ping_status":"closed","template":"","meta":{"footnotes":""},"yoast_head":"<!-- This site is optimized with the Yoast SEO plugin v21.9.1 - https:\/\/yoast.com\/wordpress\/plugins\/seo\/ -->\n<title>Oferta - Expert<\/title>\n<meta name=\"robots\" content=\"index, follow, max-snippet:-1, max-image-preview:large, max-video-preview:-1\" \/>\n<link rel=\"canonical\" href=\"https:\/\/www.centrumexpert.pl\/?page_id=83\" \/>\n<meta property=\"og:locale\" content=\"en_US\" \/>\n<meta property=\"og:type\" content=\"article\" \/>\n<meta property=\"og:title\" content=\"Oferta - Expert\" \/>\n<meta property=\"og:description\" content=\"Zajmujemy si\u0119 wszelkimi rodzajami ubezpiecze\u0144 dost\u0119pnych na rynku. Ze wzgl\u0119du na odbiorc\u00f3w mo\u017cemy je podzieli\u0107 na oferowaneRead More\" \/>\n<meta property=\"og:url\" content=\"https:\/\/www.centrumexpert.pl\/?page_id=83\" \/>\n<meta property=\"og:site_name\" content=\"Expert\" \/>\n<meta property=\"article:modified_time\" content=\"2022-02-16T21:59:41+00:00\" \/>\n<meta property=\"og:image\" content=\"http:\/\/www.centrumexpert.pl\/wp-content\/uploads\/2021\/10\/happy-young-and-mature-customers-meeting-with-agent-and-giving-signed-insurance-agreement-to-her-1024x683.jpg\" \/>\n<meta name=\"twitter:card\" content=\"summary_large_image\" \/>\n<meta name=\"twitter:label1\" content=\"Est. reading time\" \/>\n\t<meta name=\"twitter:data1\" content=\"1 minute\" \/>\n<script type=\"application\/ld+json\" class=\"yoast-schema-graph\">{\"@context\":\"https:\/\/schema.org\",\"@graph\":[{\"@type\":\"WebPage\",\"@id\":\"https:\/\/www.centrumexpert.pl\/?page_id=83\",\"url\":\"https:\/\/www.centrumexpert.pl\/?page_id=83\",\"name\":\"Oferta - Expert\",\"isPartOf\":{\"@id\":\"https:\/\/www.centrumexpert.pl\/#website\"},\"datePublished\":\"2021-10-04T18:07:19+00:00\",\"dateModified\":\"2022-02-16T21:59:41+00:00\",\"breadcrumb\":{\"@id\":\"https:\/\/www.centrumexpert.pl\/?page_id=83#breadcrumb\"},\"inLanguage\":\"en-US\",\"potentialAction\":[{\"@type\":\"ReadAction\",\"target\":[\"https:\/\/www.centrumexpert.pl\/?page_id=83\"]}]},{\"@type\":\"BreadcrumbList\",\"@id\":\"https:\/\/www.centrumexpert.pl\/?page_id=83#breadcrumb\",\"itemListElement\":[{\"@type\":\"ListItem\",\"position\":1,\"name\":\"Strona g\u0142\u00f3wna\",\"item\":\"https:\/\/www.centrumexpert.pl\/\"},{\"@type\":\"ListItem\",\"position\":2,\"name\":\"Oferta\"}]},{\"@type\":\"WebSite\",\"@id\":\"https:\/\/www.centrumexpert.pl\/#website\",\"url\":\"https:\/\/www.centrumexpert.pl\/\",\"name\":\"Expert\",\"description\":\"Ubezpieczenia to nasza pasja\",\"potentialAction\":[{\"@type\":\"SearchAction\",\"target\":{\"@type\":\"EntryPoint\",\"urlTemplate\":\"https:\/\/www.centrumexpert.pl\/?s={search_term_string}\"},\"query-input\":\"required name=search_term_string\"}],\"inLanguage\":\"en-US\"}]}<\/script>\n<!-- \/ Yoast SEO plugin. -->","yoast_head_json":{"title":"Oferta - Expert","robots":{"index":"index","follow":"follow","max-snippet":"max-snippet:-1","max-image-preview":"max-image-preview:large","max-video-preview":"max-video-preview:-1"},"canonical":"https:\/\/www.centrumexpert.pl\/?page_id=83","og_locale":"en_US","og_type":"article","og_title":"Oferta - Expert","og_description":"Zajmujemy si\u0119 wszelkimi rodzajami ubezpiecze\u0144 dost\u0119pnych na rynku. Ze wzgl\u0119du na odbiorc\u00f3w mo\u017cemy je podzieli\u0107 na oferowaneRead More","og_url":"https:\/\/www.centrumexpert.pl\/?page_id=83","og_site_name":"Expert","article_modified_time":"2022-02-16T21:59:41+00:00","og_image":[{"url":"http:\/\/www.centrumexpert.pl\/wp-content\/uploads\/2021\/10\/happy-young-and-mature-customers-meeting-with-agent-and-giving-signed-insurance-agreement-to-her-1024x683.jpg"}],"twitter_card":"summary_large_image","twitter_misc":{"Est. reading time":"1 minute"},"schema":{"@context":"https:\/\/schema.org","@graph":[{"@type":"WebPage","@id":"https:\/\/www.centrumexpert.pl\/?page_id=83","url":"https:\/\/www.centrumexpert.pl\/?page_id=83","name":"Oferta - Expert","isPartOf":{"@id":"https:\/\/www.centrumexpert.pl\/#website"},"datePublished":"2021-10-04T18:07:19+00:00","dateModified":"2022-02-16T21:59:41+00:00","breadcrumb":{"@id":"https:\/\/www.centrumexpert.pl\/?page_id=83#breadcrumb"},"inLanguage":"en-US","potentialAction":[{"@type":"ReadAction","target":["https:\/\/www.centrumexpert.pl\/?page_id=83"]}]},{"@type":"BreadcrumbList","@id":"https:\/\/www.centrumexpert.pl\/?page_id=83#breadcrumb","itemListElement":[{"@type":"ListItem","position":1,"name":"Strona g\u0142\u00f3wna","item":"https:\/\/www.centrumexpert.pl\/"},{"@type":"ListItem","position":2,"name":"Oferta"}]},{"@type":"WebSite","@id":"https:\/\/www.centrumexpert.pl\/#website","url":"https:\/\/www.centrumexpert.pl\/","name":"Expert","description":"Ubezpieczenia to nasza pasja","potentialAction":[{"@type":"SearchAction","target":{"@type":"EntryPoint","urlTemplate":"https:\/\/www.centrumexpert.pl\/?s={search_term_string}"},"query-input":"required name=search_term_string"}],"inLanguage":"en-US"}]}},"_links":{"self":[{"href":"https:\/\/www.centrumexpert.pl\/index.php?rest_route=\/wp\/v2\/pages\/83"}],"collection":[{"href":"https:\/\/www.centrumexpert.pl\/index.php?rest_route=\/wp\/v2\/pages"}],"about":[{"href":"https:\/\/www.centrumexpert.pl\/index.php?rest_route=\/wp\/v2\/types\/page"}],"author":[{"embeddable":true,"href":"https:\/\/www.centrumexpert.pl\/index.php?rest_route=\/wp\/v2\/users\/1"}],"replies":[{"embeddable":true,"href":"https:\/\/www.centrumexpert.pl\/index.php?rest_route=%2Fwp%2Fv2%2Fcomments&post=83"}],"version-history":[{"count":9,"href":"https:\/\/www.centrumexpert.pl\/index.php?rest_route=\/wp\/v2\/pages\/83\/revisions"}],"predecessor-version":[{"id":151,"href":"https:\/\/www.centrumexpert.pl\/index.php?rest_route=\/wp\/v2\/pages\/83\/revisions\/151"}],"wp:attachment":[{"href":"https:\/\/www.centrumexpert.pl\/index.php?rest_route=%2Fwp%2Fv2%2Fmedia&parent=83"}],"curies":[{"name":"wp","href":"https:\/\/api.w.org\/{rel}","templated":true}]}}